{"id":5,"date":"2016-10-09T01:56:57","date_gmt":"2016-10-09T01:56:57","guid":{"rendered":"http:\/\/globaltrace.com.br\/sitewp\/?page_id=5"},"modified":"2025-02-26T15:12:21","modified_gmt":"2025-02-26T15:12:21","slug":"empresa","status":"publish","type":"page","link":"https:\/\/globaltrace.com.br\/sitewp\/","title":{"rendered":"Empresa"},"content":{"rendered":"<p>A GLOBAL TRACE, atua principalmente na \u00e1rea de tecnologia e\u00a0rastreamento veicular oferecendo servi\u00e7os de qualidade e \u00f3timos pre\u00e7os.<\/p>\n<p>Durante nossos nove anos\u00a0de exist\u00eancia, reunimos in\u00fameros clientes que beneficiam-se de nossos produtos e servi\u00e7os de forma constante, dentre os quais pessoas f\u00edsicas e jur\u00eddicas de todo o territ\u00f3rio nacional.<\/p>\n<p>A cada dia, nossa empresa trabalha para oferecer produtos e servi\u00e7os de alta tecnologia, disponibilizando recursos digitais, al\u00e9m de uma estrutura log\u00edstica vers\u00e1til para entrega de nossos produtos nas principais cidades brasileiras.<\/p>\n<p>A Global Trace oferece a nossos clientes um atendimento de alta qualidade, confiabilidade e seguran\u00e7a em todas as transa\u00e7\u00f5es porque atualizamos nossos sistemas continuamente com o que existe de mais moderno em padr\u00f5es de seguran\u00e7a.<\/p>\n<p><img decoding=\"async\" src=\"https:\/\/ostenseg.com.br\/wp-content\/uploads\/2018\/07\/rastreamento-veicular-curitiba.jpg\" alt=\"rastreador veicular em curitiba\" \/><\/p>\n<p>&nbsp;<\/p>\n<p>&nbsp;<\/p>\n<p>&nbsp;<\/p>\n<p>&nbsp;<\/p>\n<p>&nbsp;<\/p>\n<p>&nbsp;<\/p>\n","protected":false},"excerpt":{"rendered":"<p>A GLOBAL TRACE, atua principalmente na \u00e1rea de tecnologia e\u00a0rastreamento veicular oferecendo servi\u00e7os de qualidade e \u00f3timos pre\u00e7os. Durante nossos nove anos\u00a0de exist\u00eancia, reunimos in\u00fameros clientes que beneficiam-se de nossos produtos e servi\u00e7os de forma constante, dentre os quais pessoas f\u00edsicas e jur\u00eddicas de todo o territ\u00f3rio nacional. A cada dia, nossa empresa trabalha para [&hellip;]<\/p>\n","protected":false},"author":1,"featured_media":0,"parent":0,"menu_order":0,"comment_status":"closed","ping_status":"closed","template":"","meta":{"footnotes":""},"class_list":["post-5","page","type-page","status-publish","hentry"],"_links":{"self":[{"href":"https:\/\/globaltrace.com.br\/sitewp\/index.php?rest_route=\/wp\/v2\/pages\/5","targetHints":{"allow":["GET"]}}],"collection":[{"href":"https:\/\/globaltrace.com.br\/sitewp\/index.php?rest_route=\/wp\/v2\/pages"}],"about":[{"href":"https:\/\/globaltrace.com.br\/sitewp\/index.php?rest_route=\/wp\/v2\/types\/page"}],"author":[{"embeddable":true,"href":"https:\/\/globaltrace.com.br\/sitewp\/index.php?rest_route=\/wp\/v2\/users\/1"}],"replies":[{"embeddable":true,"href":"https:\/\/globaltrace.com.br\/sitewp\/index.php?rest_route=%2Fwp%2Fv2%2Fcomments&post=5"}],"version-history":[{"count":7,"href":"https:\/\/globaltrace.com.br\/sitewp\/index.php?rest_route=\/wp\/v2\/pages\/5\/revisions"}],"predecessor-version":[{"id":58,"href":"https:\/\/globaltrace.com.br\/sitewp\/index.php?rest_route=\/wp\/v2\/pages\/5\/revisions\/58"}],"wp:attachment":[{"href":"https:\/\/globaltrace.com.br\/sitewp\/index.php?rest_route=%2Fwp%2Fv2%2Fmedia&parent=5"}],"curies":[{"name":"wp","href":"https:\/\/api.w.org\/{rel}","templated":true}]}}